{"id":731,"date":"2022-06-06T11:58:39","date_gmt":"2022-06-06T11:58:39","guid":{"rendered":"https:\/\/hgi.at\/index.php\/impressum-2\/"},"modified":"2025-08-07T10:59:19","modified_gmt":"2025-08-07T10:59:19","slug":"impressum","status":"publish","type":"page","link":"https:\/\/hgi.at\/index.php\/impressum\/","title":{"rendered":"Impressum"},"content":{"rendered":"<div data-colibri-id=\"731-c1\" class=\"style-622 style-local-731-c1 position-relative\">\n  <!---->\n  <div data-colibri-component=\"section\" data-colibri-id=\"731-c2\" id=\"custom\" class=\"h-section h-section-global-spacing d-flex align-items-lg-center align-items-md-center align-items-center style-623 style-local-731-c2 position-relative\">\n    <!---->\n    <!---->\n    <div class=\"h-section-grid-container h-section-boxed-container\">\n      <!---->\n      <div data-colibri-id=\"731-c3\" class=\"h-row-container gutters-row-lg-2 gutters-row-md-2 gutters-row-0 gutters-row-v-lg-2 gutters-row-v-md-2 gutters-row-v-2 style-624 style-local-731-c3 position-relative\">\n        <!---->\n        <div class=\"h-row justify-content-lg-center justify-content-md-center justify-content-center align-items-lg-stretch align-items-md-stretch align-items-stretch gutters-col-lg-2 gutters-col-md-2 gutters-col-0 gutters-col-v-lg-2 gutters-col-v-md-2 gutters-col-v-2\">\n          <!---->\n          <div class=\"h-column h-column-container d-flex h-col-lg-auto h-col-md-auto h-col-auto style-625-outer style-local-731-c4-outer\">\n            <div data-colibri-id=\"731-c4\" class=\"d-flex h-flex-basis h-column__inner h-px-lg-2 h-px-md-2 h-px-2 v-inner-lg-2 v-inner-md-2 v-inner-2 style-625 style-local-731-c4 position-relative\">\n              <!---->\n              <!---->\n              <div class=\"w-100 h-y-container h-column__content h-column__v-align flex-basis-100 align-self-lg-start align-self-md-start align-self-start\">\n                <!---->\n                <div data-colibri-id=\"731-c5\" class=\"h-text h-text-component style-626 style-local-731-c5 position-relative h-element\">\n                  <!---->\n                  <!---->\n                  <div class=\"\">\n                    <p>Auf dieser Seite finden Sie alle rechtlichen Informationen gem\u00e4\u00df den gesetzlichen Vorgaben, einschlie\u00dflich unserer Kontaktdaten, der Gesch\u00e4ftsf\u00fchrung und der rechtlichen Vertretung unseres Unternehmens.<\/p>\n                    <p><strong>Informationen und Offenlegung gem\u00e4\u00df \u00a75 (1) ECG, \u00a7 25 MedienG, \u00a7 63 GewO und \u00a7 14 UGB<\/strong><\/p>\n                    <p><strong>Webseitenbetreiber:<\/strong>&nbsp;HGI Elektrotechnik GmbH<\/p>\n                    <p><strong>Firmenbuchnummer:<\/strong>&nbsp;397735f<\/p>\n                    <p><strong>Firmenbuchgericht:&nbsp;<\/strong>Linz<\/p>\n                    <p><strong>Anschrift:<\/strong>&nbsp;Stelzhamerstra\u00dfe 16, 4053 Ansfelden<\/p>\n                    <p><strong>UID-Nr.:<\/strong>&nbsp;ATU 68003705<\/p>\n                    <p><strong>Gewerbeaufsichtsbeh\u00f6rde:<\/strong>&nbsp;Magistrat Linz<\/p>\n                    <p><strong>Mitgliedschaften:<\/strong><\/p>\n                    <p><strong>Kontaktdaten:<\/strong><\/p>\n                    <p>Telefon: +43 699 10 73 76 82<\/p>\n                    <p>Email: office@hgi.at<\/p>\n                    <p><strong>Anwendbare Rechtsvorschrift:<\/strong>&nbsp;www.ris.bka.gv.at<\/p>\n                    <p><strong>Online Streitbeilegung:<\/strong>&nbsp;Verbraucher, welche in \u00d6sterreich oder in einem sonstigen Vertragsstaat der ODR-VO niedergelassen sind, haben die M\u00f6glichkeit Probleme bez\u00fcglich dem entgeltlichen Kauf von Waren oder Dienstleistungen\n                      im Rahmen einer Online-Streitbeilegung (nach OS, AStG) zu l\u00f6sen. Die Europa\u0308ische Kommission stellt eine Plattform hierf\u00fcr bereit: https:\/\/ec.europa.eu\/consumers\/odr<\/p>\n                    <p>\n                      <br>\n                    <\/p>\n                    <p>\n                      <br>\n                    <\/p>\n                    <p>\n                      <br>\n                    <\/p>\n                    <p>\n                      <br>\n                    <\/p>\n                    <p>\n                      <br>\n                    <\/p>\n                    <p><strong>Urheberrecht:<\/strong>&nbsp;Die Inhalte dieser Webseite unterliegen, soweit dies rechtlich m\u00f6glich ist, diversen Schutzrechten (z.B dem Urheberrecht). Jegliche Verwendung\/Verbreitung von bereitgestelltem Material, welche urheberrechtlich\n                      untersagt ist, bedarf schriftlicher Zustimmung des Webseitenbetreibers.<\/p>\n                    <p><strong>Haftungsausschluss:<\/strong>&nbsp;Trotz sorgf\u00e4ltiger inhaltlicher Kontrolle \u00fcbernimmt der Webseitenbetreiber dieser Webseite keine Haftung f\u00fcr die Inhalte externer Links. F\u00fcr den Inhalt der verlinkten Seiten sind ausschlie\u00dflich\n                      deren Betreiber verantwortlich. Sollten Sie dennoch auf ausgehende Links aufmerksam werden, welche auf eine Webseite mit rechtswidriger T\u00e4tigkeit\/Information verweisen, ersuchen wir um dementsprechenden Hinweis, um diese nach \u00a7 17\n                      Abs. 2 ECG umgehend zu entfernen. Die Urheberrechte Dritter werden vom Betreiber dieser Webseite mit gr\u00f6\u00dfter Sorgfalt beachtet. Sollten Sie trotzdem auf eine Urheberrechtsverletzung aufmerksam werden, bitten wir um einen entsprechenden\n                      Hinweis. Bei Bekanntwerden derartiger Rechtsverletzungen werden wir den betroffenen Inhalt umgehend entfernen.<\/p>\n                    <p>Quelle:\n                      <a href=\"https:\/\/fairesrecht.at\/kostenlos-impressum-erstellen-generator.php\" target=\"_blank\" class=\"customize-unpreviewable\">Link<\/a>\n                    <\/p>\n                    <p>Alle Details zum Datenschutz finden Sie in unserer\n                      <a href=\"https:\/\/hgi.at\/index.php\/datenschutzerklaerung\" target=\"_blank\">Datenschutzerkl\u00e4rung<\/a>.<\/p>\n                    <p>\n                      <br>\n                    <\/p>\n                  <\/div>\n                <\/div>\n              <\/div>\n            <\/div>\n          <\/div>\n        <\/div>\n      <\/div>\n    <\/div>\n  <\/div>\n<\/div>","protected":false},"excerpt":{"rendered":"<p>Auf dieser Seite finden Sie alle rechtlichen Informationen gem\u00e4\u00df den gesetzlichen Vorgaben, einschlie\u00dflich unserer Kontaktdaten, der Gesch\u00e4ftsf\u00fchrung und der rechtlichen Vertretung unseres Unternehmens. Informationen und Offenlegung gem\u00e4\u00df \u00a75 (1) ECG, \u00a7 25 MedienG, \u00a7 63 GewO und \u00a7 14 UGB Webseitenbetreiber:&nbsp;HGI Elektrotechnik GmbH Firmenbuchnummer:&nbsp;397735f Firmenbuchgericht:&nbsp;Linz Anschrift:&nbsp;Stelzhamerstra\u00dfe 16, 4053 Ansfelden UID-Nr.:&nbsp;ATU 68003705 Gewerbeaufsichtsbeh\u00f6rde:&nbsp;Magistrat Linz Mitgliedschaften: Kontaktdaten: [&hellip;]<\/p>\n","protected":false},"author":1,"featured_media":0,"parent":0,"menu_order":0,"comment_status":"closed","ping_status":"closed","template":"page-templates\/full-width-page.php","meta":{"footnotes":""},"class_list":["post-731","page","type-page","status-publish","hentry"],"yoast_head":"<!-- This site is optimized with the Yoast SEO plugin v26.9 - https:\/\/yoast.com\/product\/yoast-seo-wordpress\/ -->\n<title>Impressum - HGI Elektrotechnik GmbH<\/title>\n<meta name=\"description\" content=\"Alle rechtlichen Informationen zu unserem Unternehmen, einschlie\u00dflich Kontaktangaben und Vertretung, finden Sie auf unserer Impressum-Seite.\" \/>\n<meta name=\"robots\" content=\"index, follow, max-snippet:-1, max-image-preview:large, max-video-preview:-1\" \/>\n<link rel=\"canonical\" href=\"https:\/\/hgi.at\/index.php\/impressum\/\" \/>\n<meta property=\"og:locale\" content=\"de_DE\" \/>\n<meta property=\"og:type\" content=\"article\" \/>\n<meta property=\"og:title\" content=\"Impressum - HGI Elektrotechnik GmbH\" \/>\n<meta property=\"og:description\" content=\"Alle rechtlichen Informationen zu unserem Unternehmen, einschlie\u00dflich Kontaktangaben und Vertretung, finden Sie auf unserer Impressum-Seite.\" \/>\n<meta property=\"og:url\" content=\"https:\/\/hgi.at\/index.php\/impressum\/\" \/>\n<meta property=\"og:site_name\" content=\"HGI Elektrotechnik GmbH\" \/>\n<meta property=\"article:publisher\" content=\"https:\/\/www.facebook.com\/people\/HGI-Elektrotechnik-GmbH\/61550944524825\/\" \/>\n<meta property=\"article:modified_time\" content=\"2025-08-07T10:59:19+00:00\" \/>\n<meta name=\"twitter:card\" content=\"summary_large_image\" \/>\n<meta name=\"twitter:label1\" content=\"Gesch\u00e4tzte Lesezeit\" \/>\n\t<meta name=\"twitter:data1\" content=\"2\u00a0Minuten\" \/>\n<script type=\"application\/ld+json\" class=\"yoast-schema-graph\">{\"@context\":\"https:\/\/schema.org\",\"@graph\":[{\"@type\":\"WebPage\",\"@id\":\"https:\/\/hgi.at\/index.php\/impressum\/\",\"url\":\"https:\/\/hgi.at\/index.php\/impressum\/\",\"name\":\"Impressum - HGI Elektrotechnik GmbH\",\"isPartOf\":{\"@id\":\"https:\/\/hgi.at\/#website\"},\"datePublished\":\"2022-06-06T11:58:39+00:00\",\"dateModified\":\"2025-08-07T10:59:19+00:00\",\"description\":\"Alle rechtlichen Informationen zu unserem Unternehmen, einschlie\u00dflich Kontaktangaben und Vertretung, finden Sie auf unserer Impressum-Seite.\",\"breadcrumb\":{\"@id\":\"https:\/\/hgi.at\/index.php\/impressum\/#breadcrumb\"},\"inLanguage\":\"de\",\"potentialAction\":[{\"@type\":\"ReadAction\",\"target\":[\"https:\/\/hgi.at\/index.php\/impressum\/\"]}]},{\"@type\":\"BreadcrumbList\",\"@id\":\"https:\/\/hgi.at\/index.php\/impressum\/#breadcrumb\",\"itemListElement\":[{\"@type\":\"ListItem\",\"position\":1,\"name\":\"Startseite\",\"item\":\"https:\/\/hgi.at\/\"},{\"@type\":\"ListItem\",\"position\":2,\"name\":\"Impressum\"}]},{\"@type\":\"WebSite\",\"@id\":\"https:\/\/hgi.at\/#website\",\"url\":\"https:\/\/hgi.at\/\",\"name\":\"HGI Elektrotechnik GmbH\",\"description\":\"Ihr Strom. Unsere Leidenschaft.\",\"publisher\":{\"@id\":\"https:\/\/hgi.at\/#organization\"},\"potentialAction\":[{\"@type\":\"SearchAction\",\"target\":{\"@type\":\"EntryPoint\",\"urlTemplate\":\"https:\/\/hgi.at\/?s={search_term_string}\"},\"query-input\":{\"@type\":\"PropertyValueSpecification\",\"valueRequired\":true,\"valueName\":\"search_term_string\"}}],\"inLanguage\":\"de\"},{\"@type\":\"Organization\",\"@id\":\"https:\/\/hgi.at\/#organization\",\"name\":\"HGI Elektrotechnik GmbH\",\"url\":\"https:\/\/hgi.at\/\",\"logo\":{\"@type\":\"ImageObject\",\"inLanguage\":\"de\",\"@id\":\"https:\/\/hgi.at\/#\/schema\/logo\/image\/\",\"url\":\"https:\/\/hgi.at\/wp-content\/uploads\/2024\/10\/cropped-New-Pic-2024-1.png\",\"contentUrl\":\"https:\/\/hgi.at\/wp-content\/uploads\/2024\/10\/cropped-New-Pic-2024-1.png\",\"width\":2315,\"height\":1080,\"caption\":\"HGI Elektrotechnik GmbH\"},\"image\":{\"@id\":\"https:\/\/hgi.at\/#\/schema\/logo\/image\/\"},\"sameAs\":[\"https:\/\/www.facebook.com\/people\/HGI-Elektrotechnik-GmbH\/61550944524825\/\",\"https:\/\/www.instagram.com\/hgi_elektrotechnik_\/\",\"https:\/\/www.linkedin.com\/company\/hgi-elektrotechnik-gmbh\/\"]}]}<\/script>\n<!-- \/ Yoast SEO plugin. -->","yoast_head_json":{"title":"Impressum - HGI Elektrotechnik GmbH","description":"Alle rechtlichen Informationen zu unserem Unternehmen, einschlie\u00dflich Kontaktangaben und Vertretung, finden Sie auf unserer Impressum-Seite.","robots":{"index":"index","follow":"follow","max-snippet":"max-snippet:-1","max-image-preview":"max-image-preview:large","max-video-preview":"max-video-preview:-1"},"canonical":"https:\/\/hgi.at\/index.php\/impressum\/","og_locale":"de_DE","og_type":"article","og_title":"Impressum - HGI Elektrotechnik GmbH","og_description":"Alle rechtlichen Informationen zu unserem Unternehmen, einschlie\u00dflich Kontaktangaben und Vertretung, finden Sie auf unserer Impressum-Seite.","og_url":"https:\/\/hgi.at\/index.php\/impressum\/","og_site_name":"HGI Elektrotechnik GmbH","article_publisher":"https:\/\/www.facebook.com\/people\/HGI-Elektrotechnik-GmbH\/61550944524825\/","article_modified_time":"2025-08-07T10:59:19+00:00","twitter_card":"summary_large_image","twitter_misc":{"Gesch\u00e4tzte Lesezeit":"2\u00a0Minuten"},"schema":{"@context":"https:\/\/schema.org","@graph":[{"@type":"WebPage","@id":"https:\/\/hgi.at\/index.php\/impressum\/","url":"https:\/\/hgi.at\/index.php\/impressum\/","name":"Impressum - HGI Elektrotechnik GmbH","isPartOf":{"@id":"https:\/\/hgi.at\/#website"},"datePublished":"2022-06-06T11:58:39+00:00","dateModified":"2025-08-07T10:59:19+00:00","description":"Alle rechtlichen Informationen zu unserem Unternehmen, einschlie\u00dflich Kontaktangaben und Vertretung, finden Sie auf unserer Impressum-Seite.","breadcrumb":{"@id":"https:\/\/hgi.at\/index.php\/impressum\/#breadcrumb"},"inLanguage":"de","potentialAction":[{"@type":"ReadAction","target":["https:\/\/hgi.at\/index.php\/impressum\/"]}]},{"@type":"BreadcrumbList","@id":"https:\/\/hgi.at\/index.php\/impressum\/#breadcrumb","itemListElement":[{"@type":"ListItem","position":1,"name":"Startseite","item":"https:\/\/hgi.at\/"},{"@type":"ListItem","position":2,"name":"Impressum"}]},{"@type":"WebSite","@id":"https:\/\/hgi.at\/#website","url":"https:\/\/hgi.at\/","name":"HGI Elektrotechnik GmbH","description":"Ihr Strom. Unsere Leidenschaft.","publisher":{"@id":"https:\/\/hgi.at\/#organization"},"potentialAction":[{"@type":"SearchAction","target":{"@type":"EntryPoint","urlTemplate":"https:\/\/hgi.at\/?s={search_term_string}"},"query-input":{"@type":"PropertyValueSpecification","valueRequired":true,"valueName":"search_term_string"}}],"inLanguage":"de"},{"@type":"Organization","@id":"https:\/\/hgi.at\/#organization","name":"HGI Elektrotechnik GmbH","url":"https:\/\/hgi.at\/","logo":{"@type":"ImageObject","inLanguage":"de","@id":"https:\/\/hgi.at\/#\/schema\/logo\/image\/","url":"https:\/\/hgi.at\/wp-content\/uploads\/2024\/10\/cropped-New-Pic-2024-1.png","contentUrl":"https:\/\/hgi.at\/wp-content\/uploads\/2024\/10\/cropped-New-Pic-2024-1.png","width":2315,"height":1080,"caption":"HGI Elektrotechnik GmbH"},"image":{"@id":"https:\/\/hgi.at\/#\/schema\/logo\/image\/"},"sameAs":["https:\/\/www.facebook.com\/people\/HGI-Elektrotechnik-GmbH\/61550944524825\/","https:\/\/www.instagram.com\/hgi_elektrotechnik_\/","https:\/\/www.linkedin.com\/company\/hgi-elektrotechnik-gmbh\/"]}]}},"_links":{"self":[{"href":"https:\/\/hgi.at\/index.php\/wp-json\/wp\/v2\/pages\/731","targetHints":{"allow":["GET"]}}],"collection":[{"href":"https:\/\/hgi.at\/index.php\/wp-json\/wp\/v2\/pages"}],"about":[{"href":"https:\/\/hgi.at\/index.php\/wp-json\/wp\/v2\/types\/page"}],"author":[{"embeddable":true,"href":"https:\/\/hgi.at\/index.php\/wp-json\/wp\/v2\/users\/1"}],"replies":[{"embeddable":true,"href":"https:\/\/hgi.at\/index.php\/wp-json\/wp\/v2\/comments?post=731"}],"version-history":[{"count":0,"href":"https:\/\/hgi.at\/index.php\/wp-json\/wp\/v2\/pages\/731\/revisions"}],"wp:attachment":[{"href":"https:\/\/hgi.at\/index.php\/wp-json\/wp\/v2\/media?parent=731"}],"curies":[{"name":"wp","href":"https:\/\/api.w.org\/{rel}","templated":true}]}}