{"id":992,"date":"2023-04-08T09:43:24","date_gmt":"2023-04-08T09:43:24","guid":{"rendered":"https:\/\/hgi.at\/index.php\/planung\/"},"modified":"2026-02-03T11:23:30","modified_gmt":"2026-02-03T11:23:30","slug":"planung","status":"publish","type":"page","link":"https:\/\/hgi.at\/index.php\/planung\/","title":{"rendered":"Planung"},"content":{"rendered":"<div data-colibri-id=\"992-c1\" class=\"style-658 style-local-992-c1 position-relative\">\n  <!---->\n  <div data-colibri-component=\"section\" data-colibri-id=\"992-c2\" id=\"reusable-sections\" class=\"h-section h-section-global-spacing d-flex align-items-lg-center align-items-md-center align-items-center style-1743 style-local-992-c2 position-relative\">\n    <!---->\n    <!---->\n    <div class=\"h-section-grid-container h-section-boxed-container\">\n      <!---->\n      <div data-colibri-id=\"992-c3\" class=\"h-row-container gutters-row-lg-0 gutters-row-md-0 gutters-row-0 gutters-row-v-lg-0 gutters-row-v-md-0 gutters-row-v-0 style-1744 style-local-992-c3 position-relative\">\n        <!---->\n        <div class=\"h-row justify-content-lg-center justify-content-md-center justify-content-center align-items-lg-stretch align-items-md-stretch align-items-stretch gutters-col-lg-0 gutters-col-md-0 gutters-col-0 gutters-col-v-lg-0 gutters-col-v-md-0 gutters-col-v-0\">\n          <!---->\n          <div class=\"h-column h-column-container d-flex h-col-lg-auto h-col-md-auto h-col-auto style-1745-outer style-local-992-c4-outer\">\n            <div data-colibri-id=\"992-c4\" class=\"d-flex h-flex-basis h-column__inner h-px-lg-2 h-px-md-2 h-px-2 v-inner-lg-2 v-inner-md-2 v-inner-2 style-1745 style-local-992-c4 position-relative\">\n              <!---->\n              <!---->\n              <div class=\"w-100 h-y-container h-column__content h-column__v-align flex-basis-100 align-self-lg-center align-self-md-center align-self-center\">\n                <!---->\n                <div data-colibri-id=\"992-c5\" class=\"h-global-transition-all h-heading style-1746 style-local-992-c5 position-relative h-element\">\n                  <!---->\n                  <div class=\"h-heading__outer style-1746 style-local-992-c5\">\n                    <!---->\n                    <!---->\n                    <h4 class=\"\">Planungskompetenz f\u00fcr Ihr Projekt<\/h4>\n                  <\/div>\n                <\/div>\n                <div data-colibri-id=\"992-c6\" class=\"h-text h-text-component style-1747 style-local-992-c6 position-relative h-element\">\n                  <!---->\n                  <!---->\n                  <div class=\"\">\n                    <p>Mit unserer umfassenden fachlichen Expertise in der Planung bieten wir unseren Kunden von Anfang an eine qualifizierte Beratung. Unsere interne Planungsabteilung sorgt daf\u00fcr, dass wir Ihre W\u00fcnsche und Anforderungen pr\u00e4zise und effizient\n                      umsetzen. <\/p>\n                    <p>Jedes Projekt wird individuell betrachtet, damit wir L\u00f6sungen entwickeln k\u00f6nnen, die perfekt zu Ihren spezifischen Bed\u00fcrfnissen passen.<\/p>\n                  <\/div>\n                <\/div>\n              <\/div>\n            <\/div>\n          <\/div>\n          <div class=\"h-column h-column-container d-flex h-col-lg-auto h-col-md-auto h-col-auto style-1748-outer style-local-992-c7-outer\">\n            <div data-colibri-id=\"992-c7\" class=\"d-flex h-flex-basis h-column__inner h-ui-empty-state-container h-px-lg-0 h-px-md-0 h-px-0 v-inner-lg-0 v-inner-md-0 v-inner-0 style-1748 style-local-992-c7 position-relative\">\n              <!---->\n              <!---->\n              <div class=\"w-100 h-y-container h-column__content h-column__v-align flex-basis-100\">\n                <!---->\n              <\/div>\n            <\/div>\n          <\/div>\n          <div class=\"h-column h-column-container d-flex h-col-lg-auto h-col-md-auto h-col-auto style-1749-outer style-local-992-c8-outer\">\n            <div data-colibri-id=\"992-c8\" class=\"d-flex h-flex-basis h-column__inner h-ui-empty-state-container h-px-lg-0 h-px-md-0 h-px-0 v-inner-lg-0 v-inner-md-0 v-inner-0 style-1749 style-local-992-c8 position-relative\">\n              <!---->\n              <!---->\n              <div class=\"w-100 h-y-container h-column__content h-column__v-align flex-basis-100\">\n                <!---->\n              <\/div>\n            <\/div>\n          <\/div>\n          <div class=\"h-column h-column-container d-flex h-col-lg-auto h-col-md-auto h-col-auto style-1745-outer style-local-992-c9-outer\">\n            <div data-colibri-id=\"992-c9\" class=\"d-flex h-flex-basis h-column__inner h-px-lg-2 h-px-md-2 h-px-2 v-inner-lg-2 v-inner-md-2 v-inner-2 style-1745 style-local-992-c9 position-relative\">\n              <!---->\n              <!---->\n              <div class=\"w-100 h-y-container h-column__content h-column__v-align flex-basis-100 align-self-lg-center align-self-md-center align-self-center\">\n                <!---->\n                <div data-colibri-id=\"992-c10\" class=\"h-global-transition-all h-heading style-1746 style-local-992-c10 position-relative h-element\">\n                  <!---->\n                  <div class=\"h-heading__outer style-1746 style-local-992-c10\">\n                    <!---->\n                    <!---->\n                    <h4 class=\"\">Moderne Schaltschrankplanung<\/h4>\n                  <\/div>\n                <\/div>\n                <div data-colibri-id=\"992-c11\" class=\"h-text h-text-component style-1747 style-local-992-c11 position-relative h-element\">\n                  <!---->\n                  <!---->\n                  <div class=\"\">\n                    <p>Ein wesentlicher Bestandteil unserer Planung ist die Schaltschrankplanung mit dem CAD-System Eplan P8 Electric sowie der 3D-Planung im Pro Panel und Smart Wiring. Durch diese modernen Technologien stellen wir sicher, dass wir Ihre\n                      Projekte effizient und pr\u00e4zise realisieren k\u00f6nnen.<\/p>\n                  <\/div>\n                <\/div>\n              <\/div>\n            <\/div>\n          <\/div>\n        <\/div>\n      <\/div>\n      <div data-colibri-id=\"992-c12\" class=\"h-row-container gutters-row-lg-0 gutters-row-md-0 gutters-row-0 gutters-row-v-lg-0 gutters-row-v-md-0 gutters-row-v-0 style-1744 style-local-992-c12 position-relative\">\n        <!---->\n        <div class=\"h-row justify-content-lg-center justify-content-md-center justify-content-center align-items-lg-stretch align-items-md-stretch align-items-stretch gutters-col-lg-0 gutters-col-md-0 gutters-col-0 gutters-col-v-lg-0 gutters-col-v-md-0 gutters-col-v-0\">\n          <!---->\n          <div class=\"h-column h-column-container d-flex h-col-lg-auto h-col-md-auto h-col-auto style-1745-outer style-local-992-c13-outer\">\n            <div data-colibri-id=\"992-c13\" class=\"d-flex h-flex-basis h-column__inner h-px-lg-2 h-px-md-2 h-px-2 v-inner-lg-2 v-inner-md-2 v-inner-2 style-1745 style-local-992-c13 position-relative\">\n              <!---->\n              <!---->\n              <div class=\"w-100 h-y-container h-column__content h-column__v-align flex-basis-100 align-self-lg-center align-self-md-center align-self-center\">\n                <!---->\n                <div data-colibri-id=\"992-c14\" class=\"h-global-transition-all h-heading style-1746 style-local-992-c14 position-relative h-element\">\n                  <!---->\n                  <div class=\"h-heading__outer style-1746 style-local-992-c14\">\n                    <!---->\n                    <!---->\n                    <h4 class=\"\">Umfassende Pr\u00fcf- und Abnahmeprotokolle<\/h4>\n                  <\/div>\n                <\/div>\n                <div data-colibri-id=\"992-c15\" class=\"h-text h-text-component style-1747 style-local-992-c15 position-relative h-element\">\n                  <!---->\n                  <!---->\n                  <div class=\"\">\n                    <p>Zus\u00e4tzlich bieten wir die Erstellung von Pr\u00fcf- und Abnahmeprotokollen sowie die Bereitstellung aller erforderlichen Bescheinigungen und Erkl\u00e4rungen. So k\u00f6nnen Sie sicher sein, dass alle rechtlichen und technischen Anforderungen erf\u00fcllt\n                      werden. <\/p>\n                    <p>Unsere umfassende Dokumentation sorgt daf\u00fcr, dass Sie jederzeit den \u00dcberblick \u00fcber Ihr Projekt behalten und auf alle relevanten Informationen zugreifen k\u00f6nnen.<\/p>\n                  <\/div>\n                <\/div>\n              <\/div>\n            <\/div>\n          <\/div>\n          <div class=\"h-column h-column-container d-flex h-col-lg-auto h-col-md-auto h-col-auto style-1750-outer style-local-992-c16-outer\">\n            <div data-colibri-id=\"992-c16\" class=\"d-flex h-flex-basis h-column__inner h-ui-empty-state-container h-px-lg-0 h-px-md-0 h-px-0 v-inner-lg-0 v-inner-md-0 v-inner-0 style-1750 style-local-992-c16 position-relative\">\n              <!---->\n              <!---->\n              <div class=\"w-100 h-y-container h-column__content h-column__v-align flex-basis-100\">\n                <!---->\n              <\/div>\n            <\/div>\n          <\/div>\n        <\/div>\n      <\/div>\n      <div data-colibri-id=\"992-c17\" class=\"h-row-container gutters-row-lg-0 gutters-row-md-0 gutters-row-0 gutters-row-v-lg-0 gutters-row-v-md-0 gutters-row-v-0 style-1744 style-local-992-c17 position-relative\">\n        <!---->\n        <div class=\"h-row justify-content-lg-center justify-content-md-center justify-content-center align-items-lg-stretch align-items-md-stretch align-items-stretch gutters-col-lg-0 gutters-col-md-0 gutters-col-0 gutters-col-v-lg-0 gutters-col-v-md-0 gutters-col-v-0\">\n          <!---->\n          <div class=\"h-column h-column-container d-flex h-col-lg-auto h-col-md-auto h-col-auto style-1751-outer style-local-992-c18-outer\">\n            <div data-colibri-id=\"992-c18\" class=\"d-flex h-flex-basis h-column__inner h-ui-empty-state-container h-px-lg-0 h-px-md-0 h-px-0 v-inner-lg-0 v-inner-md-0 v-inner-0 style-1751 style-local-992-c18 position-relative\">\n              <!---->\n              <!---->\n              <div class=\"w-100 h-y-container h-column__content h-column__v-align flex-basis-100\">\n                <!---->\n              <\/div>\n            <\/div>\n          <\/div>\n          <div class=\"h-column h-column-container d-flex h-col-lg-auto h-col-md-auto h-col-auto style-1745-outer style-local-992-c19-outer\">\n            <div data-colibri-id=\"992-c19\" class=\"d-flex h-flex-basis h-column__inner h-px-lg-2 h-px-md-2 h-px-2 v-inner-lg-2 v-inner-md-2 v-inner-2 style-1745 style-local-992-c19 position-relative\">\n              <!---->\n              <!---->\n              <div class=\"w-100 h-y-container h-column__content h-column__v-align flex-basis-100 align-self-lg-center align-self-md-center align-self-center\">\n                <!---->\n                <div data-colibri-id=\"992-c20\" class=\"h-global-transition-all h-heading style-1746 style-local-992-c20 position-relative h-element\">\n                  <!---->\n                  <div class=\"h-heading__outer style-1746 style-local-992-c20\">\n                    <!---->\n                    <!---->\n                    <h4 class=\"\"> kundenspezifische Ausf\u00fchrungsrichtlinien<\/h4>\n                  <\/div>\n                <\/div>\n                <div data-colibri-id=\"992-c21\" class=\"h-text h-text-component style-1747 style-local-992-c21 position-relative h-element\">\n                  <!---->\n                  <!---->\n                  <div class=\"\">\n                    <p>Ein weiteres Highlight ist die Umsetzung und Einhaltung spezieller kundenspezifischer Ausf\u00fchrungsrichtlinien, die wir in enger Zusammenarbeit mit Ihnen entwickeln. Sollte es erforderlich sein, \u00fcbernehmen wir auch die Neuanfertigung\n                      oder \u00dcbernahme \u00e4lterer Schaltschrankdokumentation im CAD-System E-Plan, um sicherzustellen, dass alle Unterlagen aktuell und korrekt sind.<\/p>\n                    <p>Mit dem Einsatz des neuesten E-Plan-Programms entwickeln wir ma\u00dfgeschneiderte Verteiler und bieten individuelle L\u00f6sungen f\u00fcr Ihre Projekte. Vertrauen Sie auf unsere Planungskompetenz und lassen Sie uns gemeinsam Ihre Projekte erfolgreich\n                      umsetzen.&nbsp;<\/p>\n                  <\/div>\n                <\/div>\n              <\/div>\n            <\/div>\n          <\/div>\n        <\/div>\n      <\/div>\n    <\/div>\n  <\/div>\n<\/div>","protected":false},"excerpt":{"rendered":"<p>Planungskompetenz f\u00fcr Ihr Projekt Mit unserer umfassenden fachlichen Expertise in der Planung bieten wir unseren Kunden von Anfang an eine qualifizierte Beratung. Unsere interne Planungsabteilung sorgt daf\u00fcr, dass wir Ihre W\u00fcnsche und Anforderungen pr\u00e4zise und effizient umsetzen. Jedes Projekt wird individuell betrachtet, damit wir L\u00f6sungen entwickeln k\u00f6nnen, die perfekt zu Ihren spezifischen Bed\u00fcrfnissen passen. Moderne [&hellip;]<\/p>\n","protected":false},"author":1,"featured_media":0,"parent":0,"menu_order":0,"comment_status":"closed","ping_status":"closed","template":"page-templates\/full-width-page.php","meta":{"footnotes":""},"class_list":["post-992","page","type-page","status-publish","hentry"],"yoast_head":"<!-- This site is optimized with the Yoast SEO plugin v26.9 - https:\/\/yoast.com\/product\/yoast-seo-wordpress\/ -->\n<title>Planung - HGI Elektrotechnik GmbH<\/title>\n<meta name=\"description\" content=\"Mit unserer fachlichen Expertise in der Planung bieten wir ma\u00dfgeschneiderte L\u00f6sungen und eine qualifizierte Beratung f\u00fcr deine Projekte.\" \/>\n<meta name=\"robots\" content=\"index, follow, max-snippet:-1, max-image-preview:large, max-video-preview:-1\" \/>\n<link rel=\"canonical\" href=\"https:\/\/hgi.at\/index.php\/planung\/\" \/>\n<meta property=\"og:locale\" content=\"de_DE\" \/>\n<meta property=\"og:type\" content=\"article\" \/>\n<meta property=\"og:title\" content=\"Planung - HGI Elektrotechnik GmbH\" \/>\n<meta property=\"og:description\" content=\"Mit unserer fachlichen Expertise in der Planung bieten wir ma\u00dfgeschneiderte L\u00f6sungen und eine qualifizierte Beratung f\u00fcr deine Projekte.\" \/>\n<meta property=\"og:url\" content=\"https:\/\/hgi.at\/index.php\/planung\/\" \/>\n<meta property=\"og:site_name\" content=\"HGI Elektrotechnik GmbH\" \/>\n<meta property=\"article:publisher\" content=\"https:\/\/www.facebook.com\/people\/HGI-Elektrotechnik-GmbH\/61550944524825\/\" \/>\n<meta property=\"article:modified_time\" content=\"2026-02-03T11:23:30+00:00\" \/>\n<meta name=\"twitter:card\" content=\"summary_large_image\" \/>\n<meta name=\"twitter:label1\" content=\"Gesch\u00e4tzte Lesezeit\" \/>\n\t<meta name=\"twitter:data1\" content=\"2\u00a0Minuten\" \/>\n<script type=\"application\/ld+json\" class=\"yoast-schema-graph\">{\"@context\":\"https:\/\/schema.org\",\"@graph\":[{\"@type\":\"WebPage\",\"@id\":\"https:\/\/hgi.at\/index.php\/planung\/\",\"url\":\"https:\/\/hgi.at\/index.php\/planung\/\",\"name\":\"Planung - HGI Elektrotechnik GmbH\",\"isPartOf\":{\"@id\":\"https:\/\/hgi.at\/#website\"},\"datePublished\":\"2023-04-08T09:43:24+00:00\",\"dateModified\":\"2026-02-03T11:23:30+00:00\",\"description\":\"Mit unserer fachlichen Expertise in der Planung bieten wir ma\u00dfgeschneiderte L\u00f6sungen und eine qualifizierte Beratung f\u00fcr deine Projekte.\",\"breadcrumb\":{\"@id\":\"https:\/\/hgi.at\/index.php\/planung\/#breadcrumb\"},\"inLanguage\":\"de\",\"potentialAction\":[{\"@type\":\"ReadAction\",\"target\":[\"https:\/\/hgi.at\/index.php\/planung\/\"]}]},{\"@type\":\"BreadcrumbList\",\"@id\":\"https:\/\/hgi.at\/index.php\/planung\/#breadcrumb\",\"itemListElement\":[{\"@type\":\"ListItem\",\"position\":1,\"name\":\"Startseite\",\"item\":\"https:\/\/hgi.at\/\"},{\"@type\":\"ListItem\",\"position\":2,\"name\":\"Planung\"}]},{\"@type\":\"WebSite\",\"@id\":\"https:\/\/hgi.at\/#website\",\"url\":\"https:\/\/hgi.at\/\",\"name\":\"HGI Elektrotechnik GmbH\",\"description\":\"Ihr Strom. Unsere Leidenschaft.\",\"publisher\":{\"@id\":\"https:\/\/hgi.at\/#organization\"},\"potentialAction\":[{\"@type\":\"SearchAction\",\"target\":{\"@type\":\"EntryPoint\",\"urlTemplate\":\"https:\/\/hgi.at\/?s={search_term_string}\"},\"query-input\":{\"@type\":\"PropertyValueSpecification\",\"valueRequired\":true,\"valueName\":\"search_term_string\"}}],\"inLanguage\":\"de\"},{\"@type\":\"Organization\",\"@id\":\"https:\/\/hgi.at\/#organization\",\"name\":\"HGI Elektrotechnik GmbH\",\"url\":\"https:\/\/hgi.at\/\",\"logo\":{\"@type\":\"ImageObject\",\"inLanguage\":\"de\",\"@id\":\"https:\/\/hgi.at\/#\/schema\/logo\/image\/\",\"url\":\"https:\/\/hgi.at\/wp-content\/uploads\/2024\/10\/cropped-New-Pic-2024-1.png\",\"contentUrl\":\"https:\/\/hgi.at\/wp-content\/uploads\/2024\/10\/cropped-New-Pic-2024-1.png\",\"width\":2315,\"height\":1080,\"caption\":\"HGI Elektrotechnik GmbH\"},\"image\":{\"@id\":\"https:\/\/hgi.at\/#\/schema\/logo\/image\/\"},\"sameAs\":[\"https:\/\/www.facebook.com\/people\/HGI-Elektrotechnik-GmbH\/61550944524825\/\",\"https:\/\/www.instagram.com\/hgi_elektrotechnik_\/\",\"https:\/\/www.linkedin.com\/company\/hgi-elektrotechnik-gmbh\/\"]}]}<\/script>\n<!-- \/ Yoast SEO plugin. -->","yoast_head_json":{"title":"Planung - HGI Elektrotechnik GmbH","description":"Mit unserer fachlichen Expertise in der Planung bieten wir ma\u00dfgeschneiderte L\u00f6sungen und eine qualifizierte Beratung f\u00fcr deine Projekte.","robots":{"index":"index","follow":"follow","max-snippet":"max-snippet:-1","max-image-preview":"max-image-preview:large","max-video-preview":"max-video-preview:-1"},"canonical":"https:\/\/hgi.at\/index.php\/planung\/","og_locale":"de_DE","og_type":"article","og_title":"Planung - HGI Elektrotechnik GmbH","og_description":"Mit unserer fachlichen Expertise in der Planung bieten wir ma\u00dfgeschneiderte L\u00f6sungen und eine qualifizierte Beratung f\u00fcr deine Projekte.","og_url":"https:\/\/hgi.at\/index.php\/planung\/","og_site_name":"HGI Elektrotechnik GmbH","article_publisher":"https:\/\/www.facebook.com\/people\/HGI-Elektrotechnik-GmbH\/61550944524825\/","article_modified_time":"2026-02-03T11:23:30+00:00","twitter_card":"summary_large_image","twitter_misc":{"Gesch\u00e4tzte Lesezeit":"2\u00a0Minuten"},"schema":{"@context":"https:\/\/schema.org","@graph":[{"@type":"WebPage","@id":"https:\/\/hgi.at\/index.php\/planung\/","url":"https:\/\/hgi.at\/index.php\/planung\/","name":"Planung - HGI Elektrotechnik GmbH","isPartOf":{"@id":"https:\/\/hgi.at\/#website"},"datePublished":"2023-04-08T09:43:24+00:00","dateModified":"2026-02-03T11:23:30+00:00","description":"Mit unserer fachlichen Expertise in der Planung bieten wir ma\u00dfgeschneiderte L\u00f6sungen und eine qualifizierte Beratung f\u00fcr deine Projekte.","breadcrumb":{"@id":"https:\/\/hgi.at\/index.php\/planung\/#breadcrumb"},"inLanguage":"de","potentialAction":[{"@type":"ReadAction","target":["https:\/\/hgi.at\/index.php\/planung\/"]}]},{"@type":"BreadcrumbList","@id":"https:\/\/hgi.at\/index.php\/planung\/#breadcrumb","itemListElement":[{"@type":"ListItem","position":1,"name":"Startseite","item":"https:\/\/hgi.at\/"},{"@type":"ListItem","position":2,"name":"Planung"}]},{"@type":"WebSite","@id":"https:\/\/hgi.at\/#website","url":"https:\/\/hgi.at\/","name":"HGI Elektrotechnik GmbH","description":"Ihr Strom. Unsere Leidenschaft.","publisher":{"@id":"https:\/\/hgi.at\/#organization"},"potentialAction":[{"@type":"SearchAction","target":{"@type":"EntryPoint","urlTemplate":"https:\/\/hgi.at\/?s={search_term_string}"},"query-input":{"@type":"PropertyValueSpecification","valueRequired":true,"valueName":"search_term_string"}}],"inLanguage":"de"},{"@type":"Organization","@id":"https:\/\/hgi.at\/#organization","name":"HGI Elektrotechnik GmbH","url":"https:\/\/hgi.at\/","logo":{"@type":"ImageObject","inLanguage":"de","@id":"https:\/\/hgi.at\/#\/schema\/logo\/image\/","url":"https:\/\/hgi.at\/wp-content\/uploads\/2024\/10\/cropped-New-Pic-2024-1.png","contentUrl":"https:\/\/hgi.at\/wp-content\/uploads\/2024\/10\/cropped-New-Pic-2024-1.png","width":2315,"height":1080,"caption":"HGI Elektrotechnik GmbH"},"image":{"@id":"https:\/\/hgi.at\/#\/schema\/logo\/image\/"},"sameAs":["https:\/\/www.facebook.com\/people\/HGI-Elektrotechnik-GmbH\/61550944524825\/","https:\/\/www.instagram.com\/hgi_elektrotechnik_\/","https:\/\/www.linkedin.com\/company\/hgi-elektrotechnik-gmbh\/"]}]}},"_links":{"self":[{"href":"https:\/\/hgi.at\/index.php\/wp-json\/wp\/v2\/pages\/992","targetHints":{"allow":["GET"]}}],"collection":[{"href":"https:\/\/hgi.at\/index.php\/wp-json\/wp\/v2\/pages"}],"about":[{"href":"https:\/\/hgi.at\/index.php\/wp-json\/wp\/v2\/types\/page"}],"author":[{"embeddable":true,"href":"https:\/\/hgi.at\/index.php\/wp-json\/wp\/v2\/users\/1"}],"replies":[{"embeddable":true,"href":"https:\/\/hgi.at\/index.php\/wp-json\/wp\/v2\/comments?post=992"}],"version-history":[{"count":3,"href":"https:\/\/hgi.at\/index.php\/wp-json\/wp\/v2\/pages\/992\/revisions"}],"predecessor-version":[{"id":5723,"href":"https:\/\/hgi.at\/index.php\/wp-json\/wp\/v2\/pages\/992\/revisions\/5723"}],"wp:attachment":[{"href":"https:\/\/hgi.at\/index.php\/wp-json\/wp\/v2\/media?parent=992"}],"curies":[{"name":"wp","href":"https:\/\/api.w.org\/{rel}","templated":true}]}}